{"id":1665,"date":"2020-12-23T09:49:42","date_gmt":"2020-12-23T08:49:42","guid":{"rendered":"http:\/\/jamesjive.com\/?page_id=1665"},"modified":"2024-04-23T15:32:56","modified_gmt":"2024-04-23T13:32:56","slug":"impressum","status":"publish","type":"page","link":"https:\/\/jamesjive.com\/index.php\/impressum\/","title":{"rendered":"Impressum"},"content":{"rendered":"\t\t<div data-elementor-type=\"wp-page\" data-elementor-id=\"1665\" class=\"elementor elementor-1665\">\n\t\t\t\t\t\t<section class=\"elementor-section elementor-top-section elementor-element elementor-element-19f9bdb elementor-section-boxed elementor-section-height-default elementor-section-height-default\" data-id=\"19f9bdb\" data-element_type=\"section\" data-e-type=\"section\" data-settings=\"{&quot;background_background&quot;:&quot;classic&quot;}\">\n\t\t\t\t\t\t\t<div class=\"elementor-background-overlay\"><\/div>\n\t\t\t\t\t\t\t<div class=\"elementor-container elementor-column-gap-default\">\n\t\t\t\t\t<div class=\"elementor-column elementor-col-100 elementor-top-column elementor-element elementor-element-c6d6723\" data-id=\"c6d6723\" data-element_type=\"column\" data-e-type=\"column\">\n\t\t\t<div class=\"elementor-widget-wrap elementor-element-populated\">\n\t\t\t\t\t\t<div class=\"elementor-element elementor-element-1b8d94ef elementor-widget elementor-widget-text-editor\" data-id=\"1b8d94ef\" data-element_type=\"widget\" data-e-type=\"widget\" data-widget_type=\"text-editor.default\">\n\t\t\t\t<div class=\"elementor-widget-container\">\n\t\t\t\t\t\t\t\t\t<p><\/p>\n<p><strong><br><\/strong><\/p><p><strong>IMPRESSUM:<br><\/strong><\/p><p><strong>Firmenname:<\/strong>&nbsp;Frederik D\u00f6rfler-Trummer<br><strong>Adresse<\/strong>: Walter Rogatschnig Str. 19, 9063 Maria Saal<br><strong>Mobil:<\/strong> 06503673537&nbsp;<br><strong>Mail:<\/strong> james@jamesjive.com<\/p>\n<p><\/p>\n<p><\/p>\n<p><strong>Disclaimer:<\/strong><\/p>\n<p><\/p>\n<p><\/p>\n<p>Im Hinblick auf die technischen Eigenschaften des Internet kann keine Gew\u00e4hr f\u00fcr die Authentizit\u00e4t, Richtigkeit und Vollst\u00e4ndigkeit der im Internet zur Verf\u00fcgung gestellten Informationen \u00fcbernommen werden. Es wird auch keine Gew\u00e4hr f\u00fcr die Verf\u00fcgbarkeit oder den Betrieb der gegenst\u00e4ndlichen Webseite und ihrer Inhalte \u00fcbernommen.<\/p>\n<p><\/p>\n<p><\/p>\n<p>Jede Haftung f\u00fcr unmittelbare, mittelbare oder sonstige Sch\u00e4den, unabh\u00e4ngig von deren Ursachen, die aus der Benutzung oder Nichtverf\u00fcgbarkeit der Daten und Informationen dieser Webseite erwachsen, wird, soweit rechtlich zul\u00e4ssig, ausgeschlossen. Wir schlie\u00dfen jegliche Haftung f\u00fcr die Inhalte verkn\u00fcpfter bzw. verlinkter externer Webseiten aus, da diese v\u00f6llig unabh\u00e4ngig sind und sich jeglicher Einflussnahme durch uns entziehen.<\/p>\n<p><\/p>\n<p><\/p>\n<p>Der Inhalt dieser Webseite ist urheberrechtlich gesch\u00fctzt. Die Informationen sind nur f\u00fcr die pers\u00f6nliche Verwendung bestimmt. Jede weitergehende Nutzung insbesondere die Speicherung in Datenbanken, Vervielf\u00e4ltigung und jede Form von gewerblicher Nutzung sowie die Weitergabe an Dritte \u2013 auch in Teilen oder in \u00fcberarbeiteter Form \u2013 ohne Zustimmung ist untersagt.<\/p>\n<p><\/p>\t\t\t\t\t\t\t\t<\/div>\n\t\t\t\t<\/div>\n\t\t\t\t\t<\/div>\n\t\t<\/div>\n\t\t\t\t\t<\/div>\n\t\t<\/section>\n\t\t\t\t<\/div>\n\t\t","protected":false},"excerpt":{"rendered":"<p>IMPRESSUM: Firmenname:&nbsp;Frederik D\u00f6rfler-TrummerAdresse: Walter Rogatschnig Str. 19, 9063 Maria SaalMobil: 06503673537&nbsp;Mail: james@jamesjive.com Disclaimer: Im Hinblick auf die technischen Eigenschaften des Internet kann keine Gew\u00e4hr f\u00fcr die Authentizit\u00e4t, Richtigkeit und Vollst\u00e4ndigkeit der im Internet zur Verf\u00fcgung gestellten Informationen \u00fcbernommen werden. Es wird auch keine Gew\u00e4hr f\u00fcr die Verf\u00fcgbarkeit oder den Betrieb der gegenst\u00e4ndlichen Webseite und ihrer [&hellip;]<\/p>\n","protected":false},"author":1,"featured_media":0,"parent":0,"menu_order":0,"comment_status":"closed","ping_status":"closed","template":"","meta":{"footnotes":""},"class_list":["post-1665","page","type-page","status-publish","hentry","entry"],"yoast_head":"<!-- This site is optimized with the Yoast SEO Premium plugin v22.4 (Yoast SEO v27.4) - https:\/\/yoast.com\/product\/yoast-seo-premium-wordpress\/ -->\n<title>Impressum -<\/title>\n<meta name=\"robots\" content=\"index, follow, max-snippet:-1, max-image-preview:large, max-video-preview:-1\" \/>\n<link rel=\"canonical\" href=\"https:\/\/jamesjive.com\/index.php\/impressum\/\" \/>\n<meta property=\"og:locale\" content=\"de_DE\" \/>\n<meta property=\"og:type\" content=\"article\" \/>\n<meta property=\"og:title\" content=\"Impressum\" \/>\n<meta property=\"og:description\" content=\"IMPRESSUM: Firmenname:&nbsp;Frederik D\u00f6rfler-TrummerAdresse: Walter Rogatschnig Str. 19, 9063 Maria SaalMobil: 06503673537&nbsp;Mail: james@jamesjive.com Disclaimer: Im Hinblick auf die technischen Eigenschaften des Internet kann keine Gew\u00e4hr f\u00fcr die Authentizit\u00e4t, Richtigkeit und Vollst\u00e4ndigkeit der im Internet zur Verf\u00fcgung gestellten Informationen \u00fcbernommen werden. Es wird auch keine Gew\u00e4hr f\u00fcr die Verf\u00fcgbarkeit oder den Betrieb der gegenst\u00e4ndlichen Webseite und ihrer [&hellip;]\" \/>\n<meta property=\"og:url\" content=\"https:\/\/jamesjive.com\/index.php\/impressum\/\" \/>\n<meta property=\"article:publisher\" content=\"https:\/\/www.facebook.com\/jamesjiveswing\" \/>\n<meta property=\"article:modified_time\" content=\"2024-04-23T13:32:56+00:00\" \/>\n<meta name=\"twitter:card\" content=\"summary_large_image\" \/>\n<meta name=\"twitter:label1\" content=\"Gesch\u00e4tzte Lesezeit\" \/>\n\t<meta name=\"twitter:data1\" content=\"1 Minute\" \/>\n<script type=\"application\/ld+json\" class=\"yoast-schema-graph\">{\"@context\":\"https:\\\/\\\/schema.org\",\"@graph\":[{\"@type\":\"WebPage\",\"@id\":\"https:\\\/\\\/jamesjive.com\\\/index.php\\\/impressum\\\/\",\"url\":\"https:\\\/\\\/jamesjive.com\\\/index.php\\\/impressum\\\/\",\"name\":\"Impressum -\",\"isPartOf\":{\"@id\":\"https:\\\/\\\/jamesjive.com\\\/#website\"},\"datePublished\":\"2020-12-23T08:49:42+00:00\",\"dateModified\":\"2024-04-23T13:32:56+00:00\",\"breadcrumb\":{\"@id\":\"https:\\\/\\\/jamesjive.com\\\/index.php\\\/impressum\\\/#breadcrumb\"},\"inLanguage\":\"de-AT\",\"potentialAction\":[{\"@type\":\"ReadAction\",\"target\":[\"https:\\\/\\\/jamesjive.com\\\/index.php\\\/impressum\\\/\"]}]},{\"@type\":\"BreadcrumbList\",\"@id\":\"https:\\\/\\\/jamesjive.com\\\/index.php\\\/impressum\\\/#breadcrumb\",\"itemListElement\":[{\"@type\":\"ListItem\",\"position\":1,\"name\":\"Home\",\"item\":\"https:\\\/\\\/jamesjive.com\\\/\"},{\"@type\":\"ListItem\",\"position\":2,\"name\":\"Impressum\"}]},{\"@type\":\"WebSite\",\"@id\":\"https:\\\/\\\/jamesjive.com\\\/#website\",\"url\":\"https:\\\/\\\/jamesjive.com\\\/\",\"name\":\"DJ James Jive - Erfahrener DJ f\u00fcr Hochzeiten in \u00d6sterreich\",\"description\":\"\",\"publisher\":{\"@id\":\"https:\\\/\\\/jamesjive.com\\\/#\\\/schema\\\/person\\\/be56446e069e726e916c55151d6c445d\"},\"potentialAction\":[{\"@type\":\"SearchAction\",\"target\":{\"@type\":\"EntryPoint\",\"urlTemplate\":\"https:\\\/\\\/jamesjive.com\\\/?s={search_term_string}\"},\"query-input\":{\"@type\":\"PropertyValueSpecification\",\"valueRequired\":true,\"valueName\":\"search_term_string\"}}],\"inLanguage\":\"de-AT\"},{\"@type\":[\"Person\",\"Organization\"],\"@id\":\"https:\\\/\\\/jamesjive.com\\\/#\\\/schema\\\/person\\\/be56446e069e726e916c55151d6c445d\",\"name\":\"frederik.doerfler\",\"image\":{\"@type\":\"ImageObject\",\"inLanguage\":\"de-AT\",\"@id\":\"https:\\\/\\\/jamesjive.com\\\/wp-content\\\/uploads\\\/2024\\\/04\\\/Icon-Hat.png\",\"url\":\"https:\\\/\\\/jamesjive.com\\\/wp-content\\\/uploads\\\/2024\\\/04\\\/Icon-Hat.png\",\"contentUrl\":\"https:\\\/\\\/jamesjive.com\\\/wp-content\\\/uploads\\\/2024\\\/04\\\/Icon-Hat.png\",\"width\":512,\"height\":512,\"caption\":\"frederik.doerfler\"},\"logo\":{\"@id\":\"https:\\\/\\\/jamesjive.com\\\/wp-content\\\/uploads\\\/2024\\\/04\\\/Icon-Hat.png\"},\"sameAs\":[\"https:\\\/\\\/jamesjive.com\",\"https:\\\/\\\/www.facebook.com\\\/jamesjiveswing\",\"https:\\\/\\\/www.instagram.com\\\/james_jive_wedding\\\/\"]}]}<\/script>\n<!-- \/ Yoast SEO Premium plugin. -->","yoast_head_json":{"title":"Impressum -","robots":{"index":"index","follow":"follow","max-snippet":"max-snippet:-1","max-image-preview":"max-image-preview:large","max-video-preview":"max-video-preview:-1"},"canonical":"https:\/\/jamesjive.com\/index.php\/impressum\/","og_locale":"de_DE","og_type":"article","og_title":"Impressum","og_description":"IMPRESSUM: Firmenname:&nbsp;Frederik D\u00f6rfler-TrummerAdresse: Walter Rogatschnig Str. 19, 9063 Maria SaalMobil: 06503673537&nbsp;Mail: james@jamesjive.com Disclaimer: Im Hinblick auf die technischen Eigenschaften des Internet kann keine Gew\u00e4hr f\u00fcr die Authentizit\u00e4t, Richtigkeit und Vollst\u00e4ndigkeit der im Internet zur Verf\u00fcgung gestellten Informationen \u00fcbernommen werden. Es wird auch keine Gew\u00e4hr f\u00fcr die Verf\u00fcgbarkeit oder den Betrieb der gegenst\u00e4ndlichen Webseite und ihrer [&hellip;]","og_url":"https:\/\/jamesjive.com\/index.php\/impressum\/","article_publisher":"https:\/\/www.facebook.com\/jamesjiveswing","article_modified_time":"2024-04-23T13:32:56+00:00","twitter_card":"summary_large_image","twitter_misc":{"Gesch\u00e4tzte Lesezeit":"1 Minute"},"schema":{"@context":"https:\/\/schema.org","@graph":[{"@type":"WebPage","@id":"https:\/\/jamesjive.com\/index.php\/impressum\/","url":"https:\/\/jamesjive.com\/index.php\/impressum\/","name":"Impressum -","isPartOf":{"@id":"https:\/\/jamesjive.com\/#website"},"datePublished":"2020-12-23T08:49:42+00:00","dateModified":"2024-04-23T13:32:56+00:00","breadcrumb":{"@id":"https:\/\/jamesjive.com\/index.php\/impressum\/#breadcrumb"},"inLanguage":"de-AT","potentialAction":[{"@type":"ReadAction","target":["https:\/\/jamesjive.com\/index.php\/impressum\/"]}]},{"@type":"BreadcrumbList","@id":"https:\/\/jamesjive.com\/index.php\/impressum\/#breadcrumb","itemListElement":[{"@type":"ListItem","position":1,"name":"Home","item":"https:\/\/jamesjive.com\/"},{"@type":"ListItem","position":2,"name":"Impressum"}]},{"@type":"WebSite","@id":"https:\/\/jamesjive.com\/#website","url":"https:\/\/jamesjive.com\/","name":"DJ James Jive - Erfahrener DJ f\u00fcr Hochzeiten in \u00d6sterreich","description":"","publisher":{"@id":"https:\/\/jamesjive.com\/#\/schema\/person\/be56446e069e726e916c55151d6c445d"},"potentialAction":[{"@type":"SearchAction","target":{"@type":"EntryPoint","urlTemplate":"https:\/\/jamesjive.com\/?s={search_term_string}"},"query-input":{"@type":"PropertyValueSpecification","valueRequired":true,"valueName":"search_term_string"}}],"inLanguage":"de-AT"},{"@type":["Person","Organization"],"@id":"https:\/\/jamesjive.com\/#\/schema\/person\/be56446e069e726e916c55151d6c445d","name":"frederik.doerfler","image":{"@type":"ImageObject","inLanguage":"de-AT","@id":"https:\/\/jamesjive.com\/wp-content\/uploads\/2024\/04\/Icon-Hat.png","url":"https:\/\/jamesjive.com\/wp-content\/uploads\/2024\/04\/Icon-Hat.png","contentUrl":"https:\/\/jamesjive.com\/wp-content\/uploads\/2024\/04\/Icon-Hat.png","width":512,"height":512,"caption":"frederik.doerfler"},"logo":{"@id":"https:\/\/jamesjive.com\/wp-content\/uploads\/2024\/04\/Icon-Hat.png"},"sameAs":["https:\/\/jamesjive.com","https:\/\/www.facebook.com\/jamesjiveswing","https:\/\/www.instagram.com\/james_jive_wedding\/"]}]}},"_links":{"self":[{"href":"https:\/\/jamesjive.com\/index.php\/wp-json\/wp\/v2\/pages\/1665","targetHints":{"allow":["GET"]}}],"collection":[{"href":"https:\/\/jamesjive.com\/index.php\/wp-json\/wp\/v2\/pages"}],"about":[{"href":"https:\/\/jamesjive.com\/index.php\/wp-json\/wp\/v2\/types\/page"}],"author":[{"embeddable":true,"href":"https:\/\/jamesjive.com\/index.php\/wp-json\/wp\/v2\/users\/1"}],"replies":[{"embeddable":true,"href":"https:\/\/jamesjive.com\/index.php\/wp-json\/wp\/v2\/comments?post=1665"}],"version-history":[{"count":20,"href":"https:\/\/jamesjive.com\/index.php\/wp-json\/wp\/v2\/pages\/1665\/revisions"}],"predecessor-version":[{"id":3460,"href":"https:\/\/jamesjive.com\/index.php\/wp-json\/wp\/v2\/pages\/1665\/revisions\/3460"}],"wp:attachment":[{"href":"https:\/\/jamesjive.com\/index.php\/wp-json\/wp\/v2\/media?parent=1665"}],"curies":[{"name":"wp","href":"https:\/\/api.w.org\/{rel}","templated":true}]}}